{"id":1136,"date":"2025-09-16T16:02:01","date_gmt":"2025-09-16T16:02:01","guid":{"rendered":"https:\/\/cartradeship.com\/?post_type=product&#038;p=1136"},"modified":"2025-10-12T20:30:31","modified_gmt":"2025-10-12T20:30:31","slug":"2025-model-year-facelifted-e-260-l-sedan","status":"publish","type":"product","link":"https:\/\/cartradeship.com\/pt\/produto\/2025-model-year-facelifted-e-260-l-sedan","title":{"rendered":"E 260 L Sedan, ano\/modelo 2025, com facelift."},"content":{"rendered":"<h2 id=\"tablepress-1-name\" class=\"tablepress-table-name tablepress-table-name-id-1\">Especifica\u00e7\u00f5es do ve\u00edculo<\/h2>\n\n<table id=\"tablepress-1\" class=\"tablepress tablepress-id-1\" aria-labelledby=\"tablepress-1-name\">\n<thead>\n<tr class=\"row-1\">\n\t<th class=\"column-1\">Modelo do ve\u00edculo<\/th><th class=\"column-2\">Mercedes-Benz Classe E 2025 Facelift E 260 L Sedan<\/th>\n<\/tr>\n<\/thead>\n<tbody class=\"row-striping row-hover\">\n<tr class=\"row-2\">\n\t<td class=\"column-1\">Tipo de energia<\/td><td class=\"column-2\">Sistema h\u00edbrido leve de 48V<\/td>\n<\/tr>\n<tr class=\"row-3\">\n\t<td class=\"column-1\">Data de lan\u00e7amento<\/td><td class=\"column-2\">Mar\u00e7o de 2025<\/td>\n<\/tr>\n<tr class=\"row-4\">\n\t<td class=\"column-1\">Motor<\/td><td class=\"column-2\">2.0T 204 cv L4 48V H\u00edbrido Leve<\/td>\n<\/tr>\n<tr class=\"row-5\">\n\t<td class=\"column-1\">Pot\u00eancia m\u00e1xima do motor (kW)<\/td><td class=\"column-2\">150 (204 PS)<\/td>\n<\/tr>\n<tr class=\"row-6\">\n\t<td class=\"column-1\">Pot\u00eancia m\u00e1xima do motor el\u00e9trico (kW)<\/td><td class=\"column-2\"><\/td>\n<\/tr>\n<tr class=\"row-7\">\n\t<td class=\"column-1\">Torque m\u00e1ximo do motor (N\u00b7m)<\/td><td class=\"column-2\">320<\/td>\n<\/tr>\n<tr class=\"row-8\">\n\t<td class=\"column-1\">Torque m\u00e1ximo do motor el\u00e9trico (N\u00b7m)<\/td><td class=\"column-2\"><\/td>\n<\/tr>\n<tr class=\"row-9\">\n\t<td class=\"column-1\">Transmiss\u00e3o<\/td><td class=\"column-2\">transmiss\u00e3o autom\u00e1tica de 9 velocidades<\/td>\n<\/tr>\n<tr class=\"row-10\">\n\t<td class=\"column-1\">Comprimento x Largura x Altura (mm)<\/td><td class=\"column-2\">5092x1880x1493<\/td>\n<\/tr>\n<tr class=\"row-11\">\n\t<td class=\"column-1\">Estrutura Corporal<\/td><td class=\"column-2\">Sed\u00e3 de 4 portas e 5 lugares<\/td>\n<\/tr>\n<tr class=\"row-12\">\n\t<td class=\"column-1\">Velocidade m\u00e1xima (km\/h)<\/td><td class=\"column-2\">233<\/td>\n<\/tr>\n<tr class=\"row-13\">\n\t<td class=\"column-1\">Tempo oficial de acelera\u00e7\u00e3o de 0 a 100 km\/h ($)<\/td><td class=\"column-2\">7.7<\/td>\n<\/tr>\n<tr class=\"row-14\">\n\t<td class=\"column-1\">Consumo de combust\u00edvel combinado WLTC (L\/100km)<\/td><td class=\"column-2\">6.15<\/td>\n<\/tr>\n<\/tbody>\n<\/table>\n<!-- #tablepress-1 from cache -->","protected":false},"excerpt":{"rendered":"<p>Acelera\u00e7\u00e3o de 0 a 100 km\/h: 6,6 segundos<br \/>\nFonte de alimenta\u00e7\u00e3o: sistema h\u00edbrido leve de 48 V<br \/>\nMotor: 2.0T 258 cavalos de pot\u00eancia<br \/>\nTransmiss\u00e3o: autom\u00e1tica de 9 velocidades com modo manual<\/p>","protected":false},"featured_media":1139,"template":"","meta":{"_acf_changed":false},"product_brand":[29],"product_cat":[26],"product_tag":[],"class_list":{"0":"post-1136","1":"product","2":"type-product","3":"status-publish","4":"has-post-thumbnail","6":"product_brand-benz","7":"product_cat-new-vehicles","9":"first","10":"instock","11":"shipping-taxable","12":"purchasable","13":"product-type-simple"},"acf":[],"_links":{"self":[{"href":"https:\/\/cartradeship.com\/pt\/wp-json\/wp\/v2\/product\/1136","targetHints":{"allow":["GET"]}}],"collection":[{"href":"https:\/\/cartradeship.com\/pt\/wp-json\/wp\/v2\/product"}],"about":[{"href":"https:\/\/cartradeship.com\/pt\/wp-json\/wp\/v2\/types\/product"}],"wp:featuredmedia":[{"embeddable":true,"href":"https:\/\/cartradeship.com\/pt\/wp-json\/wp\/v2\/media\/1139"}],"wp:attachment":[{"href":"https:\/\/cartradeship.com\/pt\/wp-json\/wp\/v2\/media?parent=1136"}],"wp:term":[{"taxonomy":"product_brand","embeddable":true,"href":"https:\/\/cartradeship.com\/pt\/wp-json\/wp\/v2\/product_brand?post=1136"},{"taxonomy":"product_cat","embeddable":true,"href":"https:\/\/cartradeship.com\/pt\/wp-json\/wp\/v2\/product_cat?post=1136"},{"taxonomy":"product_tag","embeddable":true,"href":"https:\/\/cartradeship.com\/pt\/wp-json\/wp\/v2\/product_tag?post=1136"}],"curies":[{"name":"wp","href":"https:\/\/api.w.org\/{rel}","templated":true}]}}