{"id":1136,"date":"2025-09-16T16:02:01","date_gmt":"2025-09-16T16:02:01","guid":{"rendered":"https:\/\/cartradeship.com\/?post_type=product&#038;p=1136"},"modified":"2025-10-12T20:30:31","modified_gmt":"2025-10-12T20:30:31","slug":"2025-model-year-facelifted-e-260-l-sedan","status":"publish","type":"product","link":"https:\/\/cartradeship.com\/fr\/produit\/2025-model-year-facelifted-e-260-l-sedan","title":{"rendered":"Berline E 260 L restyl\u00e9e pour l&#039;ann\u00e9e mod\u00e8le 2025"},"content":{"rendered":"<h2 id=\"tablepress-1-name\" class=\"tablepress-table-name tablepress-table-name-id-1\">Sp\u00e9cifications du v\u00e9hicule<\/h2>\n\n<table id=\"tablepress-1\" class=\"tablepress tablepress-id-1\" aria-labelledby=\"tablepress-1-name\">\n<thead>\n<tr class=\"row-1\">\n\t<th class=\"column-1\">Mod\u00e8le de v\u00e9hicule<\/th><th class=\"column-2\">Mercedes-Benz Classe E restyl\u00e9e 2025 E 260 L Berline<\/th>\n<\/tr>\n<\/thead>\n<tbody class=\"row-striping row-hover\">\n<tr class=\"row-2\">\n\t<td class=\"column-1\">Type d&#039;\u00e9nergie<\/td><td class=\"column-2\">Syst\u00e8me hybride l\u00e9ger 48 V<\/td>\n<\/tr>\n<tr class=\"row-3\">\n\t<td class=\"column-1\">Date de lancement<\/td><td class=\"column-2\">Mars 2025<\/td>\n<\/tr>\n<tr class=\"row-4\">\n\t<td class=\"column-1\">Moteur<\/td><td class=\"column-2\">2.0T 204 ch L4 48V Hybride l\u00e9ger<\/td>\n<\/tr>\n<tr class=\"row-5\">\n\t<td class=\"column-1\">Puissance maximale du moteur (kW)<\/td><td class=\"column-2\">150 (204 ch)<\/td>\n<\/tr>\n<tr class=\"row-6\">\n\t<td class=\"column-1\">Puissance maximale du moteur \u00e9lectrique (kW)<\/td><td class=\"column-2\"><\/td>\n<\/tr>\n<tr class=\"row-7\">\n\t<td class=\"column-1\">Couple maximal du moteur (N\u00b7m)<\/td><td class=\"column-2\">320<\/td>\n<\/tr>\n<tr class=\"row-8\">\n\t<td class=\"column-1\">Couple maximal du moteur \u00e9lectrique (N\u00b7m)<\/td><td class=\"column-2\"><\/td>\n<\/tr>\n<tr class=\"row-9\">\n\t<td class=\"column-1\">Transmission<\/td><td class=\"column-2\">bo\u00eete de vitesses automatique \u00e0 9 rapports<\/td>\n<\/tr>\n<tr class=\"row-10\">\n\t<td class=\"column-1\">Longueur x Largeur x Hauteur (mm)<\/td><td class=\"column-2\">5092x1880x1493<\/td>\n<\/tr>\n<tr class=\"row-11\">\n\t<td class=\"column-1\">Structure corporelle<\/td><td class=\"column-2\">Berline 4 portes 5 places<\/td>\n<\/tr>\n<tr class=\"row-12\">\n\t<td class=\"column-1\">Vitesse maximale (km\/h)<\/td><td class=\"column-2\">233<\/td>\n<\/tr>\n<tr class=\"row-13\">\n\t<td class=\"column-1\">Temps d&#039;acc\u00e9l\u00e9ration officiel de 0 \u00e0 100 km\/h ($)<\/td><td class=\"column-2\">7.7<\/td>\n<\/tr>\n<tr class=\"row-14\">\n\t<td class=\"column-1\">Consommation de carburant combin\u00e9e WLTC (L\/100 km)<\/td><td class=\"column-2\">6.15<\/td>\n<\/tr>\n<\/tbody>\n<\/table>\n<!-- #tablepress-1 from cache -->","protected":false},"excerpt":{"rendered":"<p>Acc\u00e9l\u00e9ration de 0 \u00e0 100 km\/h : 6,6 secondes<br \/>\nSource d&#039;alimentation : syst\u00e8me hybride l\u00e9ger 48 V<br \/>\nMoteur : 2.0T 258 chevaux<br \/>\nTransmission : automatique \u00e0 9 rapports avec mode manuel<\/p>","protected":false},"featured_media":1139,"template":"","meta":{"_acf_changed":false},"product_brand":[29],"product_cat":[26],"product_tag":[],"class_list":{"0":"post-1136","1":"product","2":"type-product","3":"status-publish","4":"has-post-thumbnail","6":"product_brand-benz","7":"product_cat-new-vehicles","9":"first","10":"instock","11":"shipping-taxable","12":"purchasable","13":"product-type-simple"},"acf":[],"_links":{"self":[{"href":"https:\/\/cartradeship.com\/fr\/wp-json\/wp\/v2\/product\/1136","targetHints":{"allow":["GET"]}}],"collection":[{"href":"https:\/\/cartradeship.com\/fr\/wp-json\/wp\/v2\/product"}],"about":[{"href":"https:\/\/cartradeship.com\/fr\/wp-json\/wp\/v2\/types\/product"}],"wp:featuredmedia":[{"embeddable":true,"href":"https:\/\/cartradeship.com\/fr\/wp-json\/wp\/v2\/media\/1139"}],"wp:attachment":[{"href":"https:\/\/cartradeship.com\/fr\/wp-json\/wp\/v2\/media?parent=1136"}],"wp:term":[{"taxonomy":"product_brand","embeddable":true,"href":"https:\/\/cartradeship.com\/fr\/wp-json\/wp\/v2\/product_brand?post=1136"},{"taxonomy":"product_cat","embeddable":true,"href":"https:\/\/cartradeship.com\/fr\/wp-json\/wp\/v2\/product_cat?post=1136"},{"taxonomy":"product_tag","embeddable":true,"href":"https:\/\/cartradeship.com\/fr\/wp-json\/wp\/v2\/product_tag?post=1136"}],"curies":[{"name":"wp","href":"https:\/\/api.w.org\/{rel}","templated":true}]}}