{"id":9,"date":"2025-09-24T12:14:45","date_gmt":"2025-09-24T12:14:45","guid":{"rendered":"https:\/\/cartradeship.com\/?page_id=9"},"modified":"2025-10-09T05:47:14","modified_gmt":"2025-10-09T05:47:14","slug":"car-shipping-service","status":"publish","type":"page","link":"https:\/\/cartradeship.com\/fr\/car-shipping-service","title":{"rendered":"Service d&#039;exp\u00e9dition de voitures"},"content":{"rendered":"<div data-elementor-type=\"wp-post\" data-elementor-id=\"9\" class=\"elementor elementor-9\" data-elementor-post-type=\"page\">\n\t\t\t\t<div class=\"elementor-element elementor-element-a418c28 e-flex e-con-boxed e-con e-parent\" data-id=\"a418c28\" data-element_type=\"container\">\n\t\t\t\t\t<div class=\"e-con-inner\">\n\t\t\t\t<div class=\"elementor-element elementor-element-5ea876c elementor-widget elementor-widget-woocommerce-breadcrumb\" data-id=\"5ea876c\" data-element_type=\"widget\" data-widget_type=\"woocommerce-breadcrumb.default\">\n\t\t\t\t\t<nav class=\"woocommerce-breadcrumb\" aria-label=\"Breadcrumb\" data-no-translation=\"\" data-trp-gettext=\"\">Accueil<\/nav>\t\t\t\t<\/div>\n\t\t\t\t\t<\/div>\n\t\t\t\t<\/div>\n\t\t<div class=\"elementor-element elementor-element-56071c0 e-flex e-con-boxed e-con e-parent\" data-id=\"56071c0\" data-element_type=\"container\">\n\t\t\t\t\t<div class=\"e-con-inner\">\n\t\t\t\t<div class=\"elementor-element elementor-element-6b84816 elementor--h-position-center elementor--v-position-middle elementor-arrows-position-inside elementor-pagination-position-inside elementor-widget elementor-widget-slides\" data-id=\"6b84816\" data-element_type=\"widget\" data-settings=\"{&quot;navigation&quot;:&quot;both&quot;,&quot;autoplay&quot;:&quot;yes&quot;,&quot;pause_on_hover&quot;:&quot;yes&quot;,&quot;pause_on_interaction&quot;:&quot;yes&quot;,&quot;autoplay_speed&quot;:5000,&quot;infinite&quot;:&quot;yes&quot;,&quot;transition&quot;:&quot;slide&quot;,&quot;transition_speed&quot;:500}\" data-widget_type=\"slides.default\">\n\t\t\t\t\t\t\t\t\t\t<div class=\"elementor-slides-wrapper elementor-main-swiper swiper\" role=\"region\" aria-roledescription=\"carousel\" aria-label=\"Diapositives\" dir=\"ltr\" data-animation=\"fadeInUp\">\n\t\t\t\t<div class=\"swiper-wrapper elementor-slides\">\n\t\t\t\t\t\t\t\t\t\t<div class=\"elementor-repeater-item-17758b8 swiper-slide\" role=\"group\" aria-roledescription=\"slide\"><div class=\"swiper-slide-bg\" role=\"img\"><\/div><div class=\"swiper-slide-inner\" ><div class=\"swiper-slide-contents\"><\/div><\/div><\/div><div class=\"elementor-repeater-item-9bb869c swiper-slide\" role=\"group\" aria-roledescription=\"slide\"><div class=\"swiper-slide-bg\" role=\"img\"><\/div><div class=\"swiper-slide-inner\" ><div class=\"swiper-slide-contents\"><\/div><\/div><\/div><div class=\"elementor-repeater-item-a7eb6c5 swiper-slide\" role=\"group\" aria-roledescription=\"slide\"><div class=\"swiper-slide-bg\" role=\"img\"><\/div><div class=\"swiper-slide-inner\" ><div class=\"swiper-slide-contents\"><\/div><\/div><\/div>\t\t\t\t<\/div>\n\t\t\t\t\t\t\t\t\t\t\t\t\t\t\t<div class=\"elementor-swiper-button elementor-swiper-button-prev\" role=\"button\" tabindex=\"0\" aria-label=\"Diapositive pr\u00e9c\u00e9dente\">\n\t\t\t\t\t\t\t<svg aria-hidden=\"true\" class=\"e-font-icon-svg e-eicon-chevron-left\" viewbox=\"0 0 1000 1000\" xmlns=\"http:\/\/www.w3.org\/2000\/svg\"><path d=\"M646 125C629 125 613 133 604 142L308 442C296 454 292 471 292 487 292 504 296 521 308 533L604 854C617 867 629 875 646 875 663 875 679 871 692 858 704 846 713 829 713 812 713 796 708 779 692 767L438 487 692 225C700 217 708 204 708 187 708 171 704 154 692 142 675 129 663 125 646 125Z\"><\/path><\/svg>\t\t\t\t\t\t<\/div>\n\t\t\t\t\t\t<div class=\"elementor-swiper-button elementor-swiper-button-next\" role=\"button\" tabindex=\"0\" aria-label=\"Diapositive suivante\">\n\t\t\t\t\t\t\t<svg aria-hidden=\"true\" class=\"e-font-icon-svg e-eicon-chevron-right\" viewbox=\"0 0 1000 1000\" xmlns=\"http:\/\/www.w3.org\/2000\/svg\"><path d=\"M696 533C708 521 713 504 713 487 713 471 708 454 696 446L400 146C388 133 375 125 354 125 338 125 325 129 313 142 300 154 292 171 292 187 292 204 296 221 308 233L563 492 304 771C292 783 288 800 288 817 288 833 296 850 308 863 321 871 338 875 354 875 371 875 388 867 400 854L696 533Z\"><\/path><\/svg>\t\t\t\t\t\t<\/div>\n\t\t\t\t\t\t\t\t\t\t\t\t\t\t\t\t<div class=\"swiper-pagination\"><\/div>\n\t\t\t\t\t\t\t\t\t\t\t\t<\/div>\n\t\t\t\t\t\t\t\t<\/div>\n\t\t\t\t\t<\/div>\n\t\t\t\t<\/div>\n\t\t<div class=\"elementor-element elementor-element-1368111 e-flex e-con-boxed e-con e-parent\" data-id=\"1368111\" data-element_type=\"container\">\n\t\t\t\t\t<div class=\"e-con-inner\">\n\t\t<div class=\"elementor-element elementor-element-d6e4926 e-con-full e-flex e-con e-child\" data-id=\"d6e4926\" data-element_type=\"container\">\n\t\t\t\t<div class=\"elementor-element elementor-element-5c3f37b elementor-widget elementor-widget-heading\" data-id=\"5c3f37b\" data-element_type=\"widget\" data-widget_type=\"heading.default\">\n\t\t\t\t\t<h2 class=\"elementor-heading-title elementor-size-default\">Exportations automobiles<\/h2>\t\t\t\t<\/div>\n\t\t\t\t<div class=\"elementor-element elementor-element-a85cea3 elementor-widget elementor-widget-text-editor\" data-id=\"a85cea3\" data-element_type=\"widget\" data-widget_type=\"text-editor.default\">\n\t\t\t\t\t\t\t\t\t<p>Les services de transport de CTS (Cantonshipping Limited) couvrent la plupart des pays et r\u00e9gions du monde. Notre soci\u00e9t\u00e9 prend en charge l&#039;import-export par voie maritime (FCL), a\u00e9rienne, terrestre et ferroviaire, et propose des services complets tels que la demande de renseignements, la r\u00e9servation, le d\u00e9douanement, la fourniture de remorques, le montage interne, la supervision, le groupage, le renforcement, la fumigation et autres op\u00e9rations, afin de r\u00e9pondre au mieux aux besoins de nos clients.<\/p><p>CTS (Cantonshipping Limited) et COSCO, CMA, EMC, PIL, OOCL, ONE, YML, HPL, WHL, HMM, MSC, MSK, SEALAND (MCC), ZIM, KMTC, RCL, TSL, HEUNG-A, SITC, NAMSUNG, SINOKOR, IAL, CUL, SML, ASL, ACL, PMA, FSL, VOLTA, BEN-LINE, ESL, HDSL, FESCO et de nombreuses autres compagnies maritimes ont sign\u00e9 des contrats \u00e0 des tarifs tr\u00e8s avantageux.<\/p><p>CTS (Soci\u00e9t\u00e9 : Cantonshipping Limited) a \u00e9tabli de solides relations de coop\u00e9ration avec diverses grandes compagnies maritimes afin de garantir l&#039;espace maritime, directement vers la mer Rouge, le Moyen-Orient, l&#039;Inde et le Pakistan, l&#039;Asie du Sud-Est, l&#039;Am\u00e9rique, l&#039;Europe, l&#039;Afrique, l&#039;Oc\u00e9anie et plus de dix autres routes, une livraison pratique et rapide des marchandises au port de destination.<\/p><p>CTS (Cantonshipping Limited) dispose d&#039;un syst\u00e8me de transport de marchandises complet qui vous permet de r\u00e9duire au maximum vos co\u00fbts logistiques, d&#039;am\u00e9liorer votre efficacit\u00e9 et de b\u00e9n\u00e9ficier d&#039;une gamme de services r\u00e9pondant \u00e0 tous vos besoins. En fonction de vos exigences sp\u00e9cifiques, nous \u00e9laborerons un plan de services logistiques sur mesure, optimisant ainsi vos co\u00fbts et la qualit\u00e9 de vos prestations.<\/p>\t\t\t\t\t\t\t\t<\/div>\n\t\t\t\t<\/div>\n\t\t<div class=\"elementor-element elementor-element-8d33ec9 e-con-full e-flex e-con e-child\" data-id=\"8d33ec9\" data-element_type=\"container\">\n\t\t\t\t<div class=\"elementor-element elementor-element-1b4c3d4 elementor-widget elementor-widget-image\" data-id=\"1b4c3d4\" data-element_type=\"widget\" data-widget_type=\"image.default\">\n\t\t\t\t\t\t\t\t\t\t\t\t\t\t\t<img fetchpriority=\"high\" decoding=\"async\" width=\"1024\" height=\"684\" src=\"https:\/\/cartradeship.com\/wp-content\/uploads\/2025\/10\/20240812174652ac4954-1024x684.jpg\" class=\"attachment-large size-large wp-image-1355\" alt=\"\" srcset=\"https:\/\/cartradeship.com\/wp-content\/uploads\/2025\/10\/20240812174652ac4954-1024x684.jpg 1024w, https:\/\/cartradeship.com\/wp-content\/uploads\/2025\/10\/20240812174652ac4954-300x200.jpg 300w, https:\/\/cartradeship.com\/wp-content\/uploads\/2025\/10\/20240812174652ac4954-768x513.jpg 768w, https:\/\/cartradeship.com\/wp-content\/uploads\/2025\/10\/20240812174652ac4954-600x401.jpg 600w, https:\/\/cartradeship.com\/wp-content\/uploads\/2025\/10\/20240812174652ac4954.jpg 1215w\" sizes=\"(max-width: 1024px) 100vw, 1024px\" \/>\t\t\t\t\t\t\t\t\t\t\t\t\t\t\t<\/div>\n\t\t\t\t<\/div>\n\t\t\t\t\t<\/div>\n\t\t\t\t<\/div>\n\t\t\t\t<\/div>","protected":false},"excerpt":{"rendered":"<p>Automotive Exports CTS(Company:Cantonshipping Limited)&#8217;s transport services cover most countries and regions in the world. Our company undertakes import and export sea FCL and air and land transportation railway business, including customer inquiry, booking, customs clearance, trailer, internal assembly, supervision, bundling, strengthening, fumigation and other operation services, can meet the needs of customers to the maximum. [&hellip;]<\/p>","protected":false},"author":1,"featured_media":0,"parent":0,"menu_order":0,"comment_status":"closed","ping_status":"closed","template":"elementor_header_footer","meta":{"_acf_changed":false,"footnotes":""},"class_list":["post-9","page","type-page","status-publish","hentry"],"blocksy_meta":[],"acf":[],"_links":{"self":[{"href":"https:\/\/cartradeship.com\/fr\/wp-json\/wp\/v2\/pages\/9","targetHints":{"allow":["GET"]}}],"collection":[{"href":"https:\/\/cartradeship.com\/fr\/wp-json\/wp\/v2\/pages"}],"about":[{"href":"https:\/\/cartradeship.com\/fr\/wp-json\/wp\/v2\/types\/page"}],"author":[{"embeddable":true,"href":"https:\/\/cartradeship.com\/fr\/wp-json\/wp\/v2\/users\/1"}],"replies":[{"embeddable":true,"href":"https:\/\/cartradeship.com\/fr\/wp-json\/wp\/v2\/comments?post=9"}],"version-history":[{"count":14,"href":"https:\/\/cartradeship.com\/fr\/wp-json\/wp\/v2\/pages\/9\/revisions"}],"predecessor-version":[{"id":1403,"href":"https:\/\/cartradeship.com\/fr\/wp-json\/wp\/v2\/pages\/9\/revisions\/1403"}],"wp:attachment":[{"href":"https:\/\/cartradeship.com\/fr\/wp-json\/wp\/v2\/media?parent=9"}],"curies":[{"name":"wp","href":"https:\/\/api.w.org\/{rel}","templated":true}]}}