{"id":1315,"date":"2025-10-08T15:26:50","date_gmt":"2025-10-08T15:26:50","guid":{"rendered":"https:\/\/cartradeship.com\/?page_id=1315"},"modified":"2025-10-08T18:05:08","modified_gmt":"2025-10-08T18:05:08","slug":"resource-center","status":"publish","type":"page","link":"https:\/\/cartradeship.com\/fr\/resource-center","title":{"rendered":"Centre de ressources"},"content":{"rendered":"<div data-elementor-type=\"wp-page\" data-elementor-id=\"1315\" class=\"elementor elementor-1315\" data-elementor-post-type=\"page\">\n\t\t\t\t<div class=\"elementor-element elementor-element-d69a4a2 e-con-full e-flex e-con e-parent\" data-id=\"d69a4a2\" data-element_type=\"container\" data-settings=\"{&quot;background_background&quot;:&quot;classic&quot;}\">\n\t\t\t\t<div class=\"elementor-element elementor-element-b57db19 elementor-widget elementor-widget-heading\" data-id=\"b57db19\" data-element_type=\"widget\" data-widget_type=\"heading.default\">\n\t\t\t\t\t<h2 class=\"elementor-heading-title elementor-size-default\">Centre de ressources<\/h2>\t\t\t\t<\/div>\n\t\t\t\t<div class=\"elementor-element elementor-element-50b892b elementor-widget elementor-widget-text-editor\" data-id=\"50b892b\" data-element_type=\"widget\" data-widget_type=\"text-editor.default\">\n\t\t\t\t\t\t\t\t\t<p>Acc\u00e9dez \u00e0 des outils, des guides et des documents pr\u00e9cieux pour simplifier votre processus d&#039;approvisionnement et d&#039;exp\u00e9dition de v\u00e9hicules depuis la Chine.<\/p>\t\t\t\t\t\t\t\t<\/div>\n\t\t\t\t<div class=\"elementor-element elementor-element-47970e4 elementor-align-center elementor-widget elementor-widget-button\" data-id=\"47970e4\" data-element_type=\"widget\" data-widget_type=\"button.default\">\n\t\t\t\t\t\t\t\t\t\t<a class=\"elementor-button elementor-button-link elementor-size-sm\" href=\"#\">\n\t\t\t\t\t\t<span class=\"elementor-button-content-wrapper\">\n\t\t\t\t\t\t\t\t\t<span class=\"elementor-button-text\">Explorer les ressources<\/span>\n\t\t\t\t\t<\/span>\n\t\t\t\t\t<\/a>\n\t\t\t\t\t\t\t\t<\/div>\n\t\t\t\t<\/div>\n\t\t<div class=\"elementor-element elementor-element-90d6204 e-flex e-con-boxed e-con e-parent\" data-id=\"90d6204\" data-element_type=\"container\">\n\t\t\t\t\t<div class=\"e-con-inner\">\n\t\t\t\t<div class=\"elementor-element elementor-element-a599150 elementor-widget elementor-widget-heading\" data-id=\"a599150\" data-element_type=\"widget\" data-widget_type=\"heading.default\">\n\t\t\t\t\t<h2 class=\"elementor-heading-title elementor-size-default\">Ressources utiles<\/h2>\t\t\t\t<\/div>\n\t\t\t\t\t<\/div>\n\t\t\t\t<\/div>\n\t\t<div class=\"elementor-element elementor-element-13d1a20 e-grid e-con-boxed e-con e-parent\" data-id=\"13d1a20\" data-element_type=\"container\">\n\t\t\t\t\t<div class=\"e-con-inner\">\n\t\t<div class=\"elementor-element elementor-element-4ab6a8f e-con-full e-flex e-con e-child\" data-id=\"4ab6a8f\" data-element_type=\"container\" data-settings=\"{&quot;background_background&quot;:&quot;classic&quot;}\">\n\t\t\t\t<div class=\"elementor-element elementor-element-32ea1fe elementor-widget elementor-widget-image\" data-id=\"32ea1fe\" data-element_type=\"widget\" data-widget_type=\"image.default\">\n\t\t\t\t\t\t\t\t\t\t\t\t\t\t\t<img fetchpriority=\"high\" decoding=\"async\" width=\"1000\" height=\"776\" src=\"https:\/\/cartradeship.com\/wp-content\/uploads\/2025\/09\/car-boat-transportation-tobias-tullius-unsplash.jpg\" class=\"attachment-large size-large wp-image-1223\" alt=\"\" srcset=\"https:\/\/cartradeship.com\/wp-content\/uploads\/2025\/09\/car-boat-transportation-tobias-tullius-unsplash.jpg 1000w, https:\/\/cartradeship.com\/wp-content\/uploads\/2025\/09\/car-boat-transportation-tobias-tullius-unsplash-300x233.jpg 300w, https:\/\/cartradeship.com\/wp-content\/uploads\/2025\/09\/car-boat-transportation-tobias-tullius-unsplash-768x596.jpg 768w, https:\/\/cartradeship.com\/wp-content\/uploads\/2025\/09\/car-boat-transportation-tobias-tullius-unsplash-600x466.jpg 600w\" sizes=\"(max-width: 1000px) 100vw, 1000px\" \/>\t\t\t\t\t\t\t\t\t\t\t\t\t\t\t<\/div>\n\t\t\t\t<div class=\"elementor-element elementor-element-6fe44f6 elementor-widget elementor-widget-heading\" data-id=\"6fe44f6\" data-element_type=\"widget\" data-widget_type=\"heading.default\">\n\t\t\t\t\t<h2 class=\"elementor-heading-title elementor-size-default\">Liste de contr\u00f4le pour l&#039;exportation de v\u00e9hicules<\/h2>\t\t\t\t<\/div>\n\t\t\t\t<div class=\"elementor-element elementor-element-055d02d elementor-widget elementor-widget-text-editor\" data-id=\"055d02d\" data-element_type=\"widget\" data-widget_type=\"text-editor.default\">\n\t\t\t\t\t\t\t\t\t<p>Une liste de contr\u00f4le exhaustive pour vous assurer que vous disposez de tous les documents et exigences n\u00e9cessaires \u00e0 l&#039;exportation de v\u00e9hicules depuis la Chine.<\/p>\t\t\t\t\t\t\t\t<\/div>\n\t\t\t\t<div class=\"elementor-element elementor-element-0ffdcaa elementor-widget elementor-widget-button\" data-id=\"0ffdcaa\" data-element_type=\"widget\" data-widget_type=\"button.default\">\n\t\t\t\t\t\t\t\t\t\t<a class=\"elementor-button elementor-button-link elementor-size-sm\" href=\"#\">\n\t\t\t\t\t\t<span class=\"elementor-button-content-wrapper\">\n\t\t\t\t\t\t\t\t\t<span class=\"elementor-button-text\">T\u00e9l\u00e9charger<\/span>\n\t\t\t\t\t<\/span>\n\t\t\t\t\t<\/a>\n\t\t\t\t\t\t\t\t<\/div>\n\t\t\t\t<\/div>\n\t\t<div class=\"elementor-element elementor-element-ac45222 e-con-full e-flex e-con e-child\" data-id=\"ac45222\" data-element_type=\"container\" data-settings=\"{&quot;background_background&quot;:&quot;classic&quot;}\">\n\t\t\t\t<div class=\"elementor-element elementor-element-4f245f0 elementor-widget elementor-widget-image\" data-id=\"4f245f0\" data-element_type=\"widget\" data-widget_type=\"image.default\">\n\t\t\t\t\t\t\t\t\t\t\t\t\t\t\t<img fetchpriority=\"high\" decoding=\"async\" width=\"1000\" height=\"776\" src=\"https:\/\/cartradeship.com\/wp-content\/uploads\/2025\/09\/car-boat-transportation-tobias-tullius-unsplash.jpg\" class=\"attachment-large size-large wp-image-1223\" alt=\"\" srcset=\"https:\/\/cartradeship.com\/wp-content\/uploads\/2025\/09\/car-boat-transportation-tobias-tullius-unsplash.jpg 1000w, https:\/\/cartradeship.com\/wp-content\/uploads\/2025\/09\/car-boat-transportation-tobias-tullius-unsplash-300x233.jpg 300w, https:\/\/cartradeship.com\/wp-content\/uploads\/2025\/09\/car-boat-transportation-tobias-tullius-unsplash-768x596.jpg 768w, https:\/\/cartradeship.com\/wp-content\/uploads\/2025\/09\/car-boat-transportation-tobias-tullius-unsplash-600x466.jpg 600w\" sizes=\"(max-width: 1000px) 100vw, 1000px\" \/>\t\t\t\t\t\t\t\t\t\t\t\t\t\t\t<\/div>\n\t\t\t\t<div class=\"elementor-element elementor-element-e7d30c0 elementor-widget elementor-widget-heading\" data-id=\"e7d30c0\" data-element_type=\"widget\" data-widget_type=\"heading.default\">\n\t\t\t\t\t<h2 class=\"elementor-heading-title elementor-size-default\">Calculateur de frais d&#039;exp\u00e9dition<\/h2>\t\t\t\t<\/div>\n\t\t\t\t<div class=\"elementor-element elementor-element-ff585ca elementor-widget elementor-widget-text-editor\" data-id=\"ff585ca\" data-element_type=\"widget\" data-widget_type=\"text-editor.default\">\n\t\t\t\t\t\t\t\t\t<p>Un calculateur sous Excel permettant d&#039;estimer les co\u00fbts d&#039;exp\u00e9dition de v\u00e9hicules et de tricycles vers diff\u00e9rentes destinations dans le monde.<\/p>\t\t\t\t\t\t\t\t<\/div>\n\t\t\t\t<div class=\"elementor-element elementor-element-852cbb3 elementor-widget elementor-widget-button\" data-id=\"852cbb3\" data-element_type=\"widget\" data-widget_type=\"button.default\">\n\t\t\t\t\t\t\t\t\t\t<a class=\"elementor-button elementor-button-link elementor-size-sm\" href=\"#\">\n\t\t\t\t\t\t<span class=\"elementor-button-content-wrapper\">\n\t\t\t\t\t\t\t\t\t<span class=\"elementor-button-text\">T\u00e9l\u00e9charger<\/span>\n\t\t\t\t\t<\/span>\n\t\t\t\t\t<\/a>\n\t\t\t\t\t\t\t\t<\/div>\n\t\t\t\t<\/div>\n\t\t<div class=\"elementor-element elementor-element-6086571 e-con-full e-flex e-con e-child\" data-id=\"6086571\" data-element_type=\"container\" data-settings=\"{&quot;background_background&quot;:&quot;classic&quot;}\">\n\t\t\t\t<div class=\"elementor-element elementor-element-fd7073e elementor-widget elementor-widget-image\" data-id=\"fd7073e\" data-element_type=\"widget\" data-widget_type=\"image.default\">\n\t\t\t\t\t\t\t\t\t\t\t\t\t\t\t<img fetchpriority=\"high\" decoding=\"async\" width=\"1000\" height=\"776\" src=\"https:\/\/cartradeship.com\/wp-content\/uploads\/2025\/09\/car-boat-transportation-tobias-tullius-unsplash.jpg\" class=\"attachment-large size-large wp-image-1223\" alt=\"\" srcset=\"https:\/\/cartradeship.com\/wp-content\/uploads\/2025\/09\/car-boat-transportation-tobias-tullius-unsplash.jpg 1000w, https:\/\/cartradeship.com\/wp-content\/uploads\/2025\/09\/car-boat-transportation-tobias-tullius-unsplash-300x233.jpg 300w, https:\/\/cartradeship.com\/wp-content\/uploads\/2025\/09\/car-boat-transportation-tobias-tullius-unsplash-768x596.jpg 768w, https:\/\/cartradeship.com\/wp-content\/uploads\/2025\/09\/car-boat-transportation-tobias-tullius-unsplash-600x466.jpg 600w\" sizes=\"(max-width: 1000px) 100vw, 1000px\" \/>\t\t\t\t\t\t\t\t\t\t\t\t\t\t\t<\/div>\n\t\t\t\t<div class=\"elementor-element elementor-element-21c3537 elementor-widget elementor-widget-heading\" data-id=\"21c3537\" data-element_type=\"widget\" data-widget_type=\"heading.default\">\n\t\t\t\t\t<h2 class=\"elementor-heading-title elementor-size-default\">Guide de documentation douani\u00e8re<\/h2>\t\t\t\t<\/div>\n\t\t\t\t<div class=\"elementor-element elementor-element-21dc9ff elementor-widget elementor-widget-text-editor\" data-id=\"21dc9ff\" data-element_type=\"widget\" data-widget_type=\"text-editor.default\">\n\t\t\t\t\t\t\t\t\t<p>Guide d\u00e9taill\u00e9 sur les documents douaniers requis par diff\u00e9rents pays pour l&#039;importation de v\u00e9hicules chinois.<\/p>\t\t\t\t\t\t\t\t<\/div>\n\t\t\t\t<div class=\"elementor-element elementor-element-22a7d64 elementor-widget elementor-widget-button\" data-id=\"22a7d64\" data-element_type=\"widget\" data-widget_type=\"button.default\">\n\t\t\t\t\t\t\t\t\t\t<a class=\"elementor-button elementor-button-link elementor-size-sm\" href=\"#\">\n\t\t\t\t\t\t<span class=\"elementor-button-content-wrapper\">\n\t\t\t\t\t\t\t\t\t<span class=\"elementor-button-text\">T\u00e9l\u00e9charger<\/span>\n\t\t\t\t\t<\/span>\n\t\t\t\t\t<\/a>\n\t\t\t\t\t\t\t\t<\/div>\n\t\t\t\t<\/div>\n\t\t<div class=\"elementor-element elementor-element-884e48c e-con-full e-flex e-con e-child\" data-id=\"884e48c\" data-element_type=\"container\" data-settings=\"{&quot;background_background&quot;:&quot;classic&quot;}\">\n\t\t\t\t<div class=\"elementor-element elementor-element-2d0f06d elementor-widget elementor-widget-image\" data-id=\"2d0f06d\" data-element_type=\"widget\" data-widget_type=\"image.default\">\n\t\t\t\t\t\t\t\t\t\t\t\t\t\t\t<img fetchpriority=\"high\" decoding=\"async\" width=\"1000\" height=\"776\" src=\"https:\/\/cartradeship.com\/wp-content\/uploads\/2025\/09\/car-boat-transportation-tobias-tullius-unsplash.jpg\" class=\"attachment-large size-large wp-image-1223\" alt=\"\" srcset=\"https:\/\/cartradeship.com\/wp-content\/uploads\/2025\/09\/car-boat-transportation-tobias-tullius-unsplash.jpg 1000w, https:\/\/cartradeship.com\/wp-content\/uploads\/2025\/09\/car-boat-transportation-tobias-tullius-unsplash-300x233.jpg 300w, https:\/\/cartradeship.com\/wp-content\/uploads\/2025\/09\/car-boat-transportation-tobias-tullius-unsplash-768x596.jpg 768w, https:\/\/cartradeship.com\/wp-content\/uploads\/2025\/09\/car-boat-transportation-tobias-tullius-unsplash-600x466.jpg 600w\" sizes=\"(max-width: 1000px) 100vw, 1000px\" \/>\t\t\t\t\t\t\t\t\t\t\t\t\t\t\t<\/div>\n\t\t\t\t<div class=\"elementor-element elementor-element-ffe0d4b elementor-widget elementor-widget-heading\" data-id=\"ffe0d4b\" data-element_type=\"widget\" data-widget_type=\"heading.default\">\n\t\t\t\t\t<h2 class=\"elementor-heading-title elementor-size-default\">Protocole d&#039;inspection des v\u00e9hicules<\/h2>\t\t\t\t<\/div>\n\t\t\t\t<div class=\"elementor-element elementor-element-307b75c elementor-widget elementor-widget-text-editor\" data-id=\"307b75c\" data-element_type=\"widget\" data-widget_type=\"text-editor.default\">\n\t\t\t\t\t\t\t\t\t<p>Liste de contr\u00f4le d&#039;inspection standardis\u00e9e pour \u00e9valuer la qualit\u00e9 des v\u00e9hicules avant leur exp\u00e9dition par les constructeurs chinois.<\/p>\t\t\t\t\t\t\t\t<\/div>\n\t\t\t\t<div class=\"elementor-element elementor-element-8b2d428 elementor-widget elementor-widget-button\" data-id=\"8b2d428\" data-element_type=\"widget\" data-widget_type=\"button.default\">\n\t\t\t\t\t\t\t\t\t\t<a class=\"elementor-button elementor-button-link elementor-size-sm\" href=\"#\">\n\t\t\t\t\t\t<span class=\"elementor-button-content-wrapper\">\n\t\t\t\t\t\t\t\t\t<span class=\"elementor-button-text\">T\u00e9l\u00e9charger<\/span>\n\t\t\t\t\t<\/span>\n\t\t\t\t\t<\/a>\n\t\t\t\t\t\t\t\t<\/div>\n\t\t\t\t<\/div>\n\t\t<div class=\"elementor-element elementor-element-d5f6d0c e-con-full e-flex e-con e-child\" data-id=\"d5f6d0c\" data-element_type=\"container\" data-settings=\"{&quot;background_background&quot;:&quot;classic&quot;}\">\n\t\t\t\t<div class=\"elementor-element elementor-element-ca4e1fd elementor-widget elementor-widget-image\" data-id=\"ca4e1fd\" data-element_type=\"widget\" data-widget_type=\"image.default\">\n\t\t\t\t\t\t\t\t\t\t\t\t\t\t\t<img fetchpriority=\"high\" decoding=\"async\" width=\"1000\" height=\"776\" src=\"https:\/\/cartradeship.com\/wp-content\/uploads\/2025\/09\/car-boat-transportation-tobias-tullius-unsplash.jpg\" class=\"attachment-large size-large wp-image-1223\" alt=\"\" srcset=\"https:\/\/cartradeship.com\/wp-content\/uploads\/2025\/09\/car-boat-transportation-tobias-tullius-unsplash.jpg 1000w, https:\/\/cartradeship.com\/wp-content\/uploads\/2025\/09\/car-boat-transportation-tobias-tullius-unsplash-300x233.jpg 300w, https:\/\/cartradeship.com\/wp-content\/uploads\/2025\/09\/car-boat-transportation-tobias-tullius-unsplash-768x596.jpg 768w, https:\/\/cartradeship.com\/wp-content\/uploads\/2025\/09\/car-boat-transportation-tobias-tullius-unsplash-600x466.jpg 600w\" sizes=\"(max-width: 1000px) 100vw, 1000px\" \/>\t\t\t\t\t\t\t\t\t\t\t\t\t\t\t<\/div>\n\t\t\t\t<div class=\"elementor-element elementor-element-c9249ba elementor-widget elementor-widget-heading\" data-id=\"c9249ba\" data-element_type=\"widget\" data-widget_type=\"heading.default\">\n\t\t\t\t\t<h2 class=\"elementor-heading-title elementor-size-default\">Sp\u00e9cifications du tricycle \u00e9lectrique<\/h2>\t\t\t\t<\/div>\n\t\t\t\t<div class=\"elementor-element elementor-element-47a4d48 elementor-widget elementor-widget-text-editor\" data-id=\"47a4d48\" data-element_type=\"widget\" data-widget_type=\"text-editor.default\">\n\t\t\t\t\t\t\t\t\t<p>Sp\u00e9cifications techniques et d\u00e9tails de conformit\u00e9 des mod\u00e8les de tricycles \u00e9lectriques populaires disponibles en provenance de Chine.<\/p>\t\t\t\t\t\t\t\t<\/div>\n\t\t\t\t<div class=\"elementor-element elementor-element-4337459 elementor-widget elementor-widget-button\" data-id=\"4337459\" data-element_type=\"widget\" data-widget_type=\"button.default\">\n\t\t\t\t\t\t\t\t\t\t<a class=\"elementor-button elementor-button-link elementor-size-sm\" href=\"#\">\n\t\t\t\t\t\t<span class=\"elementor-button-content-wrapper\">\n\t\t\t\t\t\t\t\t\t<span class=\"elementor-button-text\">T\u00e9l\u00e9charger<\/span>\n\t\t\t\t\t<\/span>\n\t\t\t\t\t<\/a>\n\t\t\t\t\t\t\t\t<\/div>\n\t\t\t\t<\/div>\n\t\t<div class=\"elementor-element elementor-element-0f58770 e-con-full e-flex e-con e-child\" data-id=\"0f58770\" data-element_type=\"container\" data-settings=\"{&quot;background_background&quot;:&quot;classic&quot;}\">\n\t\t\t\t<div class=\"elementor-element elementor-element-23d669c elementor-widget elementor-widget-image\" data-id=\"23d669c\" data-element_type=\"widget\" data-widget_type=\"image.default\">\n\t\t\t\t\t\t\t\t\t\t\t\t\t\t\t<img fetchpriority=\"high\" decoding=\"async\" width=\"1000\" height=\"776\" src=\"https:\/\/cartradeship.com\/wp-content\/uploads\/2025\/09\/car-boat-transportation-tobias-tullius-unsplash.jpg\" class=\"attachment-large size-large wp-image-1223\" alt=\"\" srcset=\"https:\/\/cartradeship.com\/wp-content\/uploads\/2025\/09\/car-boat-transportation-tobias-tullius-unsplash.jpg 1000w, https:\/\/cartradeship.com\/wp-content\/uploads\/2025\/09\/car-boat-transportation-tobias-tullius-unsplash-300x233.jpg 300w, https:\/\/cartradeship.com\/wp-content\/uploads\/2025\/09\/car-boat-transportation-tobias-tullius-unsplash-768x596.jpg 768w, https:\/\/cartradeship.com\/wp-content\/uploads\/2025\/09\/car-boat-transportation-tobias-tullius-unsplash-600x466.jpg 600w\" sizes=\"(max-width: 1000px) 100vw, 1000px\" \/>\t\t\t\t\t\t\t\t\t\t\t\t\t\t\t<\/div>\n\t\t\t\t<div class=\"elementor-element elementor-element-18076c6 elementor-widget elementor-widget-heading\" data-id=\"18076c6\" data-element_type=\"widget\" data-widget_type=\"heading.default\">\n\t\t\t\t\t<h2 class=\"elementor-heading-title elementor-size-default\">Guide des Incoterms 2025<\/h2>\t\t\t\t<\/div>\n\t\t\t\t<div class=\"elementor-element elementor-element-02744a7 elementor-widget elementor-widget-text-editor\" data-id=\"02744a7\" data-element_type=\"widget\" data-widget_type=\"text-editor.default\">\n\t\t\t\t\t\t\t\t\t<p>Guide complet des Incoterms avec des exemples sp\u00e9cifiques relatifs au transport de v\u00e9hicules et d&#039;engins lourds.<\/p>\t\t\t\t\t\t\t\t<\/div>\n\t\t\t\t<div class=\"elementor-element elementor-element-28e95c6 elementor-widget elementor-widget-button\" data-id=\"28e95c6\" data-element_type=\"widget\" data-widget_type=\"button.default\">\n\t\t\t\t\t\t\t\t\t\t<a class=\"elementor-button elementor-button-link elementor-size-sm\" href=\"#\">\n\t\t\t\t\t\t<span class=\"elementor-button-content-wrapper\">\n\t\t\t\t\t\t\t\t\t<span class=\"elementor-button-text\">T\u00e9l\u00e9charger<\/span>\n\t\t\t\t\t<\/span>\n\t\t\t\t\t<\/a>\n\t\t\t\t\t\t\t\t<\/div>\n\t\t\t\t<\/div>\n\t\t\t\t\t<\/div>\n\t\t\t\t<\/div>\n\t\t<div class=\"elementor-element elementor-element-166d92b e-con-full e-flex e-con e-parent\" data-id=\"166d92b\" data-element_type=\"container\" data-settings=\"{&quot;background_background&quot;:&quot;classic&quot;}\">\n\t\t\t\t<div class=\"elementor-element elementor-element-f4689fc elementor-widget elementor-widget-heading\" data-id=\"f4689fc\" data-element_type=\"widget\" data-widget_type=\"heading.default\">\n\t\t\t\t\t<h2 class=\"elementor-heading-title elementor-size-default\">Besoin d&#039;une assistance personnalis\u00e9e ?<\/h2>\t\t\t\t<\/div>\n\t\t\t\t<div class=\"elementor-element elementor-element-96f2cae elementor-widget elementor-widget-text-editor\" data-id=\"96f2cae\" data-element_type=\"widget\" data-widget_type=\"text-editor.default\">\n\t\t\t\t\t\t\t\t\t<p>Nos experts sont pr\u00eats \u00e0 vous fournir un soutien personnalis\u00e9 pour vos besoins sp\u00e9cifiques en mati\u00e8re d&#039;approvisionnement et d&#039;exp\u00e9dition de v\u00e9hicules.<\/p>\t\t\t\t\t\t\t\t<\/div>\n\t\t\t\t<div class=\"elementor-element elementor-element-6660720 elementor-align-center elementor-widget elementor-widget-button\" data-id=\"6660720\" data-element_type=\"widget\" data-widget_type=\"button.default\">\n\t\t\t\t\t\t\t\t\t\t<a class=\"elementor-button elementor-button-link elementor-size-sm\" href=\"https:\/\/cartradeship.com\/fr\/contact\/\">\n\t\t\t\t\t\t<span class=\"elementor-button-content-wrapper\">\n\t\t\t\t\t\t\t\t\t<span class=\"elementor-button-text\">Contactez notre \u00e9quipe<\/span>\n\t\t\t\t\t<\/span>\n\t\t\t\t\t<\/a>\n\t\t\t\t\t\t\t\t<\/div>\n\t\t\t\t<\/div>\n\t\t\t\t<\/div>","protected":false},"excerpt":{"rendered":"<p>Resource Center Access valuable tools, guides, and documents to streamline your vehicle sourcing and shipping process from China. Explore Resources Helpful Resources Vehicle Export Checklist A comprehensive checklist to ensure you have all documents and requirements ready for exporting vehicles from China. Download Shipping Cost Calculator An Excel-based calculator to estimate shipping costs for vehicles [&hellip;]<\/p>","protected":false},"author":1,"featured_media":0,"parent":0,"menu_order":0,"comment_status":"closed","ping_status":"closed","template":"elementor_header_footer","meta":{"_acf_changed":false,"footnotes":""},"class_list":["post-1315","page","type-page","status-publish","hentry"],"blocksy_meta":[],"acf":[],"_links":{"self":[{"href":"https:\/\/cartradeship.com\/fr\/wp-json\/wp\/v2\/pages\/1315","targetHints":{"allow":["GET"]}}],"collection":[{"href":"https:\/\/cartradeship.com\/fr\/wp-json\/wp\/v2\/pages"}],"about":[{"href":"https:\/\/cartradeship.com\/fr\/wp-json\/wp\/v2\/types\/page"}],"author":[{"embeddable":true,"href":"https:\/\/cartradeship.com\/fr\/wp-json\/wp\/v2\/users\/1"}],"replies":[{"embeddable":true,"href":"https:\/\/cartradeship.com\/fr\/wp-json\/wp\/v2\/comments?post=1315"}],"version-history":[{"count":7,"href":"https:\/\/cartradeship.com\/fr\/wp-json\/wp\/v2\/pages\/1315\/revisions"}],"predecessor-version":[{"id":1374,"href":"https:\/\/cartradeship.com\/fr\/wp-json\/wp\/v2\/pages\/1315\/revisions\/1374"}],"wp:attachment":[{"href":"https:\/\/cartradeship.com\/fr\/wp-json\/wp\/v2\/media?parent=1315"}],"curies":[{"name":"wp","href":"https:\/\/api.w.org\/{rel}","templated":true}]}}