{"id":1136,"date":"2025-09-16T16:02:01","date_gmt":"2025-09-16T16:02:01","guid":{"rendered":"https:\/\/cartradeship.com\/?post_type=product&#038;p=1136"},"modified":"2025-10-12T20:30:31","modified_gmt":"2025-10-12T20:30:31","slug":"2025-model-year-facelifted-e-260-l-sedan","status":"publish","type":"product","link":"https:\/\/cartradeship.com\/es\/producto\/2025-model-year-facelifted-e-260-l-sedan","title":{"rendered":"Sed\u00e1n E 260 L redise\u00f1ado, a\u00f1o modelo 2025"},"content":{"rendered":"<h2 id=\"tablepress-1-name\" class=\"tablepress-table-name tablepress-table-name-id-1\">Especificaciones del veh\u00edculo<\/h2>\n\n<table id=\"tablepress-1\" class=\"tablepress tablepress-id-1\" aria-labelledby=\"tablepress-1-name\">\n<thead>\n<tr class=\"row-1\">\n\t<th class=\"column-1\">Modelo de veh\u00edculo<\/th><th class=\"column-2\">Mercedes-Benz Clase E 2025 Facelift E 260 L Sed\u00e1n<\/th>\n<\/tr>\n<\/thead>\n<tbody class=\"row-striping row-hover\">\n<tr class=\"row-2\">\n\t<td class=\"column-1\">Tipo de energ\u00eda<\/td><td class=\"column-2\">Sistema h\u00edbrido suave de 48 V<\/td>\n<\/tr>\n<tr class=\"row-3\">\n\t<td class=\"column-1\">Fecha de lanzamiento<\/td><td class=\"column-2\">Marzo de 2025<\/td>\n<\/tr>\n<tr class=\"row-4\">\n\t<td class=\"column-1\">Motor<\/td><td class=\"column-2\">2.0T 204 hp L4 48V H\u00edbrido suave<\/td>\n<\/tr>\n<tr class=\"row-5\">\n\t<td class=\"column-1\">Potencia m\u00e1xima del motor (kW)<\/td><td class=\"column-2\">150 (204 CV)<\/td>\n<\/tr>\n<tr class=\"row-6\">\n\t<td class=\"column-1\">Potencia m\u00e1xima del motor el\u00e9ctrico (kW)<\/td><td class=\"column-2\"><\/td>\n<\/tr>\n<tr class=\"row-7\">\n\t<td class=\"column-1\">Par m\u00e1ximo del motor (N\u00b7m)<\/td><td class=\"column-2\">320<\/td>\n<\/tr>\n<tr class=\"row-8\">\n\t<td class=\"column-1\">Par m\u00e1ximo del motor el\u00e9ctrico (N\u00b7m)<\/td><td class=\"column-2\"><\/td>\n<\/tr>\n<tr class=\"row-9\">\n\t<td class=\"column-1\">Transmisi\u00f3n<\/td><td class=\"column-2\">transmisi\u00f3n autom\u00e1tica de 9 velocidades<\/td>\n<\/tr>\n<tr class=\"row-10\">\n\t<td class=\"column-1\">Largo x Ancho x Alto (mm)<\/td><td class=\"column-2\">5092x1880x1493<\/td>\n<\/tr>\n<tr class=\"row-11\">\n\t<td class=\"column-1\">Estructura del cuerpo<\/td><td class=\"column-2\">Sed\u00e1n de 4 puertas y 5 asientos<\/td>\n<\/tr>\n<tr class=\"row-12\">\n\t<td class=\"column-1\">Velocidad m\u00e1xima (km\/h)<\/td><td class=\"column-2\">233<\/td>\n<\/tr>\n<tr class=\"row-13\">\n\t<td class=\"column-1\">Tiempo oficial de aceleraci\u00f3n de 0 a 100 km\/h ($)<\/td><td class=\"column-2\">7.7<\/td>\n<\/tr>\n<tr class=\"row-14\">\n\t<td class=\"column-1\">Consumo combinado de combustible WLTC (L\/100 km)<\/td><td class=\"column-2\">6.15<\/td>\n<\/tr>\n<\/tbody>\n<\/table>\n<!-- #tablepress-1 from cache -->","protected":false},"excerpt":{"rendered":"<p>Aceleraci\u00f3n de 0 a 100 km\/h: 6,6 segundos<br \/>\nFuente de alimentaci\u00f3n: sistema h\u00edbrido suave de 48 V<br \/>\nMotor: 2.0T 258 caballos de fuerza<br \/>\nTransmisi\u00f3n: autom\u00e1tica de 9 velocidades con modo manual<\/p>","protected":false},"featured_media":1139,"template":"","meta":{"_acf_changed":false},"product_brand":[29],"product_cat":[26],"product_tag":[],"class_list":{"0":"post-1136","1":"product","2":"type-product","3":"status-publish","4":"has-post-thumbnail","6":"product_brand-benz","7":"product_cat-new-vehicles","9":"first","10":"instock","11":"shipping-taxable","12":"purchasable","13":"product-type-simple"},"acf":[],"_links":{"self":[{"href":"https:\/\/cartradeship.com\/es\/wp-json\/wp\/v2\/product\/1136","targetHints":{"allow":["GET"]}}],"collection":[{"href":"https:\/\/cartradeship.com\/es\/wp-json\/wp\/v2\/product"}],"about":[{"href":"https:\/\/cartradeship.com\/es\/wp-json\/wp\/v2\/types\/product"}],"wp:featuredmedia":[{"embeddable":true,"href":"https:\/\/cartradeship.com\/es\/wp-json\/wp\/v2\/media\/1139"}],"wp:attachment":[{"href":"https:\/\/cartradeship.com\/es\/wp-json\/wp\/v2\/media?parent=1136"}],"wp:term":[{"taxonomy":"product_brand","embeddable":true,"href":"https:\/\/cartradeship.com\/es\/wp-json\/wp\/v2\/product_brand?post=1136"},{"taxonomy":"product_cat","embeddable":true,"href":"https:\/\/cartradeship.com\/es\/wp-json\/wp\/v2\/product_cat?post=1136"},{"taxonomy":"product_tag","embeddable":true,"href":"https:\/\/cartradeship.com\/es\/wp-json\/wp\/v2\/product_tag?post=1136"}],"curies":[{"name":"wp","href":"https:\/\/api.w.org\/{rel}","templated":true}]}}