{"id":9,"date":"2025-09-24T12:14:45","date_gmt":"2025-09-24T12:14:45","guid":{"rendered":"https:\/\/cartradeship.com\/?page_id=9"},"modified":"2025-10-09T05:47:14","modified_gmt":"2025-10-09T05:47:14","slug":"car-shipping-service","status":"publish","type":"page","link":"https:\/\/cartradeship.com\/es\/car-shipping-service","title":{"rendered":"Servicio de env\u00edo de autom\u00f3viles"},"content":{"rendered":"<div data-elementor-type=\"wp-post\" data-elementor-id=\"9\" class=\"elementor elementor-9\" data-elementor-post-type=\"page\">\n\t\t\t\t<div class=\"elementor-element elementor-element-a418c28 e-flex e-con-boxed e-con e-parent\" data-id=\"a418c28\" data-element_type=\"container\">\n\t\t\t\t\t<div class=\"e-con-inner\">\n\t\t\t\t<div class=\"elementor-element elementor-element-5ea876c elementor-widget elementor-widget-woocommerce-breadcrumb\" data-id=\"5ea876c\" data-element_type=\"widget\" data-widget_type=\"woocommerce-breadcrumb.default\">\n\t\t\t\t\t<nav class=\"woocommerce-breadcrumb\" aria-label=\"Breadcrumb\" data-no-translation=\"\" data-trp-gettext=\"\">Inicio<\/nav>\t\t\t\t<\/div>\n\t\t\t\t\t<\/div>\n\t\t\t\t<\/div>\n\t\t<div class=\"elementor-element elementor-element-56071c0 e-flex e-con-boxed e-con e-parent\" data-id=\"56071c0\" data-element_type=\"container\">\n\t\t\t\t\t<div class=\"e-con-inner\">\n\t\t\t\t<div class=\"elementor-element elementor-element-6b84816 elementor--h-position-center elementor--v-position-middle elementor-arrows-position-inside elementor-pagination-position-inside elementor-widget elementor-widget-slides\" data-id=\"6b84816\" data-element_type=\"widget\" data-settings=\"{&quot;navigation&quot;:&quot;both&quot;,&quot;autoplay&quot;:&quot;yes&quot;,&quot;pause_on_hover&quot;:&quot;yes&quot;,&quot;pause_on_interaction&quot;:&quot;yes&quot;,&quot;autoplay_speed&quot;:5000,&quot;infinite&quot;:&quot;yes&quot;,&quot;transition&quot;:&quot;slide&quot;,&quot;transition_speed&quot;:500}\" data-widget_type=\"slides.default\">\n\t\t\t\t\t\t\t\t\t\t<div class=\"elementor-slides-wrapper elementor-main-swiper swiper\" role=\"region\" aria-roledescription=\"carousel\" aria-label=\"Diapositivas\" dir=\"ltr\" data-animation=\"fadeInUp\">\n\t\t\t\t<div class=\"swiper-wrapper elementor-slides\">\n\t\t\t\t\t\t\t\t\t\t<div class=\"elementor-repeater-item-17758b8 swiper-slide\" role=\"group\" aria-roledescription=\"slide\"><div class=\"swiper-slide-bg\" role=\"img\"><\/div><div class=\"swiper-slide-inner\" ><div class=\"swiper-slide-contents\"><\/div><\/div><\/div><div class=\"elementor-repeater-item-9bb869c swiper-slide\" role=\"group\" aria-roledescription=\"slide\"><div class=\"swiper-slide-bg\" role=\"img\"><\/div><div class=\"swiper-slide-inner\" ><div class=\"swiper-slide-contents\"><\/div><\/div><\/div><div class=\"elementor-repeater-item-a7eb6c5 swiper-slide\" role=\"group\" aria-roledescription=\"slide\"><div class=\"swiper-slide-bg\" role=\"img\"><\/div><div class=\"swiper-slide-inner\" ><div class=\"swiper-slide-contents\"><\/div><\/div><\/div>\t\t\t\t<\/div>\n\t\t\t\t\t\t\t\t\t\t\t\t\t\t\t<div class=\"elementor-swiper-button elementor-swiper-button-prev\" role=\"button\" tabindex=\"0\" aria-label=\"Diapositiva anterior\">\n\t\t\t\t\t\t\t<svg aria-hidden=\"true\" class=\"e-font-icon-svg e-eicon-chevron-left\" viewbox=\"0 0 1000 1000\" xmlns=\"http:\/\/www.w3.org\/2000\/svg\"><path d=\"M646 125C629 125 613 133 604 142L308 442C296 454 292 471 292 487 292 504 296 521 308 533L604 854C617 867 629 875 646 875 663 875 679 871 692 858 704 846 713 829 713 812 713 796 708 779 692 767L438 487 692 225C700 217 708 204 708 187 708 171 704 154 692 142 675 129 663 125 646 125Z\"><\/path><\/svg>\t\t\t\t\t\t<\/div>\n\t\t\t\t\t\t<div class=\"elementor-swiper-button elementor-swiper-button-next\" role=\"button\" tabindex=\"0\" aria-label=\"Siguiente diapositiva\">\n\t\t\t\t\t\t\t<svg aria-hidden=\"true\" class=\"e-font-icon-svg e-eicon-chevron-right\" viewbox=\"0 0 1000 1000\" xmlns=\"http:\/\/www.w3.org\/2000\/svg\"><path d=\"M696 533C708 521 713 504 713 487 713 471 708 454 696 446L400 146C388 133 375 125 354 125 338 125 325 129 313 142 300 154 292 171 292 187 292 204 296 221 308 233L563 492 304 771C292 783 288 800 288 817 288 833 296 850 308 863 321 871 338 875 354 875 371 875 388 867 400 854L696 533Z\"><\/path><\/svg>\t\t\t\t\t\t<\/div>\n\t\t\t\t\t\t\t\t\t\t\t\t\t\t\t\t<div class=\"swiper-pagination\"><\/div>\n\t\t\t\t\t\t\t\t\t\t\t\t<\/div>\n\t\t\t\t\t\t\t\t<\/div>\n\t\t\t\t\t<\/div>\n\t\t\t\t<\/div>\n\t\t<div class=\"elementor-element elementor-element-1368111 e-flex e-con-boxed e-con e-parent\" data-id=\"1368111\" data-element_type=\"container\">\n\t\t\t\t\t<div class=\"e-con-inner\">\n\t\t<div class=\"elementor-element elementor-element-d6e4926 e-con-full e-flex e-con e-child\" data-id=\"d6e4926\" data-element_type=\"container\">\n\t\t\t\t<div class=\"elementor-element elementor-element-5c3f37b elementor-widget elementor-widget-heading\" data-id=\"5c3f37b\" data-element_type=\"widget\" data-widget_type=\"heading.default\">\n\t\t\t\t\t<h2 class=\"elementor-heading-title elementor-size-default\">Exportaciones de autom\u00f3viles<\/h2>\t\t\t\t<\/div>\n\t\t\t\t<div class=\"elementor-element elementor-element-a85cea3 elementor-widget elementor-widget-text-editor\" data-id=\"a85cea3\" data-element_type=\"widget\" data-widget_type=\"text-editor.default\">\n\t\t\t\t\t\t\t\t\t<p>Los servicios de transporte de CTS (Compa\u00f1\u00eda: Cantonshipping Limited) cubren la mayor\u00eda de los pa\u00edses y regiones del mundo. Nuestra empresa se encarga de la importaci\u00f3n y exportaci\u00f3n de carga completa (FCL) mar\u00edtima, as\u00ed como del transporte a\u00e9reo y terrestre por ferrocarril, incluyendo la atenci\u00f3n al cliente, la reserva, el despacho de aduanas, el remolque, el montaje interno, la supervisi\u00f3n, el empaquetado, el refuerzo, la fumigaci\u00f3n y otros servicios operativos, para satisfacer al m\u00e1ximo las necesidades de nuestros clientes.<\/p><p>CTS(Cantonshipping Limited) y COSCO, CMA, EMC, PIL, OOCL, ONE, YML, HPL, WHL, HMM, MSC, MSK, SEALAND(MCC), ZIM, KMTC, RCL, TSL, HEUNG-A, SITC, NAMSUNG, SINOKOR, IAL, CUL, SML, ASL, ACL, PMA, FSL, VOLTA, BEN-LINE, ESL, HDSL, FESCO y muchas otras compa\u00f1\u00edas navieras han firmado tarifas contractuales muy ventajosas.<\/p><p>CTS (Compa\u00f1\u00eda: Cantonshipping Limited) ha establecido fuertes relaciones de cooperaci\u00f3n con varias compa\u00f1\u00edas navieras grandes para garantizar el espacio de env\u00edo, directo al Mar Rojo, Medio Oriente, India y Pakist\u00e1n, Sudeste de Asia, Am\u00e9rica, Europa, \u00c1frica, Ocean\u00eda y otras m\u00e1s de diez rutas, entrega conveniente y r\u00e1pida de mercanc\u00edas al puerto de destino.<\/p><p>CTS (Empresa: Cantonshipping Limited) cuenta con un sistema completo de transporte de mercanc\u00edas que le permitir\u00e1 optimizar sus costos log\u00edsticos, mejorar la eficiencia y brindarle una variedad de servicios para satisfacer sus necesidades. De acuerdo con sus requisitos espec\u00edficos, crearemos un plan integral de servicios log\u00edsticos a su medida, reduciendo costos log\u00edsticos y mejorando la calidad del servicio.<\/p>\t\t\t\t\t\t\t\t<\/div>\n\t\t\t\t<\/div>\n\t\t<div class=\"elementor-element elementor-element-8d33ec9 e-con-full e-flex e-con e-child\" data-id=\"8d33ec9\" data-element_type=\"container\">\n\t\t\t\t<div class=\"elementor-element elementor-element-1b4c3d4 elementor-widget elementor-widget-image\" data-id=\"1b4c3d4\" data-element_type=\"widget\" data-widget_type=\"image.default\">\n\t\t\t\t\t\t\t\t\t\t\t\t\t\t\t<img fetchpriority=\"high\" decoding=\"async\" width=\"1024\" height=\"684\" src=\"https:\/\/cartradeship.com\/wp-content\/uploads\/2025\/10\/20240812174652ac4954-1024x684.jpg\" class=\"attachment-large size-large wp-image-1355\" alt=\"\" srcset=\"https:\/\/cartradeship.com\/wp-content\/uploads\/2025\/10\/20240812174652ac4954-1024x684.jpg 1024w, https:\/\/cartradeship.com\/wp-content\/uploads\/2025\/10\/20240812174652ac4954-300x200.jpg 300w, https:\/\/cartradeship.com\/wp-content\/uploads\/2025\/10\/20240812174652ac4954-768x513.jpg 768w, https:\/\/cartradeship.com\/wp-content\/uploads\/2025\/10\/20240812174652ac4954-600x401.jpg 600w, https:\/\/cartradeship.com\/wp-content\/uploads\/2025\/10\/20240812174652ac4954.jpg 1215w\" sizes=\"(max-width: 1024px) 100vw, 1024px\" \/>\t\t\t\t\t\t\t\t\t\t\t\t\t\t\t<\/div>\n\t\t\t\t<\/div>\n\t\t\t\t\t<\/div>\n\t\t\t\t<\/div>\n\t\t\t\t<\/div>","protected":false},"excerpt":{"rendered":"<p>Automotive Exports CTS(Company:Cantonshipping Limited)&#8217;s transport services cover most countries and regions in the world. Our company undertakes import and export sea FCL and air and land transportation railway business, including customer inquiry, booking, customs clearance, trailer, internal assembly, supervision, bundling, strengthening, fumigation and other operation services, can meet the needs of customers to the maximum. [&hellip;]<\/p>","protected":false},"author":1,"featured_media":0,"parent":0,"menu_order":0,"comment_status":"closed","ping_status":"closed","template":"elementor_header_footer","meta":{"_acf_changed":false,"footnotes":""},"class_list":["post-9","page","type-page","status-publish","hentry"],"blocksy_meta":[],"acf":[],"_links":{"self":[{"href":"https:\/\/cartradeship.com\/es\/wp-json\/wp\/v2\/pages\/9","targetHints":{"allow":["GET"]}}],"collection":[{"href":"https:\/\/cartradeship.com\/es\/wp-json\/wp\/v2\/pages"}],"about":[{"href":"https:\/\/cartradeship.com\/es\/wp-json\/wp\/v2\/types\/page"}],"author":[{"embeddable":true,"href":"https:\/\/cartradeship.com\/es\/wp-json\/wp\/v2\/users\/1"}],"replies":[{"embeddable":true,"href":"https:\/\/cartradeship.com\/es\/wp-json\/wp\/v2\/comments?post=9"}],"version-history":[{"count":14,"href":"https:\/\/cartradeship.com\/es\/wp-json\/wp\/v2\/pages\/9\/revisions"}],"predecessor-version":[{"id":1403,"href":"https:\/\/cartradeship.com\/es\/wp-json\/wp\/v2\/pages\/9\/revisions\/1403"}],"wp:attachment":[{"href":"https:\/\/cartradeship.com\/es\/wp-json\/wp\/v2\/media?parent=9"}],"curies":[{"name":"wp","href":"https:\/\/api.w.org\/{rel}","templated":true}]}}